{"id":65,"date":"2016-01-21T22:21:52","date_gmt":"2016-01-21T22:21:52","guid":{"rendered":"http:\/\/hotelgameiro.com\/?page_id=65"},"modified":"2016-03-30T14:10:42","modified_gmt":"2016-03-30T14:10:42","slug":"noticias","status":"publish","type":"page","link":"https:\/\/hotelgameiro.com\/en\/noticias\/","title":{"rendered":"News"},"content":{"rendered":"\t<div class=\"wpnawfree-plugin news-clearfix \" id=\"wpnw-news-1\">\r\n\r\n\t\t\r\n\t\t\t<div id=\"post-516\" class=\"news type-news wpnaw-blog-class has-no-date news-col-3 wpnaw-first\">\r\n\t\t\t\t<div class=\"news-inner-wrap-view news-clearfix wpnaw-news-no-image\">\r\n\r\n\t\t\t\t\t\r\n\t\t\t\t\t<div class=\"news-content\">\r\n\t\t\t\t\t\t\t\t\t\t\t\t\t<div class=\"grid-date-post\">\r\n\t\t\t\t\t\t\t\t<a href=\"https:\/\/hotelgameiro.com\/en\/news-category\/httphotelgameiro-insidevanity-ptnoticias\/\">Hotel Gameiro<\/a>\t\t\t\t\t\t\t<\/div>\r\n\t\t\t\t\t\t\r\n\t\t\t\t\t\t<div class=\"post-content-text\">\r\n\t\t\t\t\t\t\t<h3 class=\"news-title\"><a href=\"https:\/\/hotelgameiro.com\/en\/news\/encontro-iberico-de-modulos-cim-ho-no-museu-nacional-ferroviario\/\" rel=\"bookmark\">Iberian Meeting of CIM-HO modules at the National Railway Museum<\/a><\/h3>\t\t\t\t\t\t\t\t<div class=\"news-content-excerpt\">\r\n\t\t\t\t\t\t\t\t\t\t\t\t\t\t\t\t\t\t\t<div class=\"news-short-content\">\r\n\t\t\t\t\t\t\t\t\t\t\tThe National Railway Museum hosts on April 28, 29 and 30 and May 1 the Spring Meeting of the Iberian Club of Modules H0.\t\t\t\t\t\t\t\t\t\t<\/div>\r\n\t\t\t\t\t\t\t\t\t\t<a href=\"https:\/\/hotelgameiro.com\/en\/news\/encontro-iberico-de-modulos-cim-ho-no-museu-nacional-ferroviario\/\" class=\"news-more-link\">Read More<\/a>\r\n\t\t\t\t\t\t\t\t\t\t\t\t\t\t\t\t\t<\/div><!-- .entry-content -->\r\n\t\t\t\t\t\t\t\t\t\t\t\t\t<\/div>\r\n\t\t\t\t\t<\/div>\r\n\t\t\t\t<\/div><!-- #post-## -->\r\n\t\t\t<\/div><!-- #post-## -->\r\n\t\t\r\n\t\t\t<div id=\"post-514\" class=\"news type-news wpnaw-blog-class has-no-date news-col-3\">\r\n\t\t\t\t<div class=\"news-inner-wrap-view news-clearfix wpnaw-news-no-image\">\r\n\r\n\t\t\t\t\t\r\n\t\t\t\t\t<div class=\"news-content\">\r\n\t\t\t\t\t\t\t\t\t\t\t\t\t<div class=\"grid-date-post\">\r\n\t\t\t\t\t\t\t\t<a href=\"https:\/\/hotelgameiro.com\/en\/news-category\/httphotelgameiro-insidevanity-ptnoticias\/\">Hotel Gameiro<\/a>\t\t\t\t\t\t\t<\/div>\r\n\t\t\t\t\t\t\r\n\t\t\t\t\t\t<div class=\"post-content-text\">\r\n\t\t\t\t\t\t\t<h3 class=\"news-title\"><a href=\"https:\/\/hotelgameiro.com\/en\/news\/20a-corrida-da-liberdade-dia-25-de-abril\/\" rel=\"bookmark\">International Karate Seminar on 22 and 23 April<\/a><\/h3>\t\t\t\t\t\t\t\t<div class=\"news-content-excerpt\">\r\n\t\t\t\t\t\t\t\t\t\t\t\t\t\t\t\t\t\t\t<div class=\"news-short-content\">\r\n\t\t\t\t\t\t\t\t\t\t\tAs part of the Commemorations of the 43rd Anniversary of April 25, the Entroncamento Municipal Council will promote the traditional Freedom Race that this year marks its 20th edition.\t\t\t\t\t\t\t\t\t\t<\/div>\r\n\t\t\t\t\t\t\t\t\t\t<a href=\"https:\/\/hotelgameiro.com\/en\/news\/20a-corrida-da-liberdade-dia-25-de-abril\/\" class=\"news-more-link\">Read More<\/a>\r\n\t\t\t\t\t\t\t\t\t\t\t\t\t\t\t\t\t<\/div><!-- .entry-content -->\r\n\t\t\t\t\t\t\t\t\t\t\t\t\t<\/div>\r\n\t\t\t\t\t<\/div>\r\n\t\t\t\t<\/div><!-- #post-## -->\r\n\t\t\t<\/div><!-- #post-## -->\r\n\t\t\r\n\t\t\t<div id=\"post-512\" class=\"news type-news wpnaw-blog-class has-no-date news-col-3 wpnaw-last\">\r\n\t\t\t\t<div class=\"news-inner-wrap-view news-clearfix wpnaw-news-no-image\">\r\n\r\n\t\t\t\t\t\r\n\t\t\t\t\t<div class=\"news-content\">\r\n\t\t\t\t\t\t\t\t\t\t\t\t\t<div class=\"grid-date-post\">\r\n\t\t\t\t\t\t\t\t<a href=\"https:\/\/hotelgameiro.com\/en\/news-category\/httphotelgameiro-insidevanity-ptnoticias\/\">Hotel Gameiro<\/a>\t\t\t\t\t\t\t<\/div>\r\n\t\t\t\t\t\t\r\n\t\t\t\t\t\t<div class=\"post-content-text\">\r\n\t\t\t\t\t\t\t<h3 class=\"news-title\"><a href=\"https:\/\/hotelgameiro.com\/en\/news\/seminario-internacional-de-karate-dias-22-e-23-de-abril\/\" rel=\"bookmark\">International Karate Seminar on 22 and 23 April<\/a><\/h3>\t\t\t\t\t\t\t\t<div class=\"news-content-excerpt\">\r\n\t\t\t\t\t\t\t\t\t\t\t\t\t\t\t\t\t\t\t<div class=\"news-short-content\">\r\n\t\t\t\t\t\t\t\t\t\t\tHotel Gameiro has a highly competitive pricing policy in the region. With excellent value for money.\t\t\t\t\t\t\t\t\t\t<\/div>\r\n\t\t\t\t\t\t\t\t\t\t<a href=\"https:\/\/hotelgameiro.com\/en\/news\/seminario-internacional-de-karate-dias-22-e-23-de-abril\/\" class=\"news-more-link\">Read More<\/a>\r\n\t\t\t\t\t\t\t\t\t\t\t\t\t\t\t\t\t<\/div><!-- .entry-content -->\r\n\t\t\t\t\t\t\t\t\t\t\t\t\t<\/div>\r\n\t\t\t\t\t<\/div>\r\n\t\t\t\t<\/div><!-- #post-## -->\r\n\t\t\t<\/div><!-- #post-## -->\r\n\t\t\r\n\t\t\t<div id=\"post-108\" class=\"news type-news wpnaw-blog-class has-no-date news-col-3 wpnaw-first\">\r\n\t\t\t\t<div class=\"news-inner-wrap-view news-clearfix wpnaw-news-no-image\">\r\n\r\n\t\t\t\t\t\r\n\t\t\t\t\t<div class=\"news-content\">\r\n\t\t\t\t\t\t\t\t\t\t\t\t\t<div class=\"grid-date-post\">\r\n\t\t\t\t\t\t\t\t<a href=\"https:\/\/hotelgameiro.com\/en\/news-category\/httphotelgameiro-insidevanity-ptnoticias\/\">Hotel Gameiro<\/a>\t\t\t\t\t\t\t<\/div>\r\n\t\t\t\t\t\t\r\n\t\t\t\t\t\t<div class=\"post-content-text\">\r\n\t\t\t\t\t\t\t<h3 class=\"news-title\"><a href=\"https:\/\/hotelgameiro.com\/en\/news\/precos-competitivos\/\" rel=\"bookmark\">Competitive prices<\/a><\/h3>\t\t\t\t\t\t\t\t<div class=\"news-content-excerpt\">\r\n\t\t\t\t\t\t\t\t\t\t\t\t\t\t\t\t\t\t\t<div class=\"news-short-content\">\r\n\t\t\t\t\t\t\t\t\t\t\tO Hotel Gameiro tem uma pol\u00edtica de pre\u00e7os altamente competitiva na regi\u00e3o. Com uma excelente rela\u00e7\u00e3o qualidade pre\u00e7o.\t\t\t\t\t\t\t\t\t\t<\/div>\r\n\t\t\t\t\t\t\t\t\t\t<a href=\"https:\/\/hotelgameiro.com\/en\/news\/precos-competitivos\/\" class=\"news-more-link\">Read More<\/a>\r\n\t\t\t\t\t\t\t\t\t\t\t\t\t\t\t\t\t<\/div><!-- .entry-content -->\r\n\t\t\t\t\t\t\t\t\t\t\t\t\t<\/div>\r\n\t\t\t\t\t<\/div>\r\n\t\t\t\t<\/div><!-- #post-## -->\r\n\t\t\t<\/div><!-- #post-## -->\r\n\t\t\r\n\t\t\t<div id=\"post-106\" class=\"news type-news wpnaw-blog-class has-no-date news-col-3\">\r\n\t\t\t\t<div class=\"news-inner-wrap-view news-clearfix wpnaw-news-no-image\">\r\n\r\n\t\t\t\t\t\r\n\t\t\t\t\t<div class=\"news-content\">\r\n\t\t\t\t\t\t\t\t\t\t\t\t\t<div class=\"grid-date-post\">\r\n\t\t\t\t\t\t\t\t<a href=\"https:\/\/hotelgameiro.com\/en\/news-category\/httphotelgameiro-insidevanity-ptnoticias\/\">Hotel Gameiro<\/a>\t\t\t\t\t\t\t<\/div>\r\n\t\t\t\t\t\t\r\n\t\t\t\t\t\t<div class=\"post-content-text\">\r\n\t\t\t\t\t\t\t<h3 class=\"news-title\"><a href=\"https:\/\/hotelgameiro.com\/en\/news\/de-residencial-a-hotel\/\" rel=\"bookmark\">From Residencial to Hotel<\/a><\/h3>\t\t\t\t\t\t\t\t<div class=\"news-content-excerpt\">\r\n\t\t\t\t\t\t\t\t\t\t\t\t\t\t\t\t\t\t\t<div class=\"news-short-content\">\r\n\t\t\t\t\t\t\t\t\t\t\tAnteriormente Residencial este equipamento hoteleiro, passou recentemente a Hotel. \r\nCompletamente remodelado com uma decora\u00e7\u00e3o agrad\u00e1vel e de muito bom gosto.\t\t\t\t\t\t\t\t\t\t<\/div>\r\n\t\t\t\t\t\t\t\t\t\t<a href=\"https:\/\/hotelgameiro.com\/en\/news\/de-residencial-a-hotel\/\" class=\"news-more-link\">Read More<\/a>\r\n\t\t\t\t\t\t\t\t\t\t\t\t\t\t\t\t\t<\/div><!-- .entry-content -->\r\n\t\t\t\t\t\t\t\t\t\t\t\t\t<\/div>\r\n\t\t\t\t\t<\/div>\r\n\t\t\t\t<\/div><!-- #post-## -->\r\n\t\t\t<\/div><!-- #post-## -->\r\n\t\t\r\n\t\t\t<div id=\"post-104\" class=\"news type-news wpnaw-blog-class has-no-date news-col-3 wpnaw-last\">\r\n\t\t\t\t<div class=\"news-inner-wrap-view news-clearfix wpnaw-news-no-image\">\r\n\r\n\t\t\t\t\t\r\n\t\t\t\t\t<div class=\"news-content\">\r\n\t\t\t\t\t\t\t\t\t\t\t\t\t<div class=\"grid-date-post\">\r\n\t\t\t\t\t\t\t\t<a href=\"https:\/\/hotelgameiro.com\/en\/news-category\/httphotelgameiro-insidevanity-ptnoticias\/\">Hotel Gameiro<\/a>\t\t\t\t\t\t\t<\/div>\r\n\t\t\t\t\t\t\r\n\t\t\t\t\t\t<div class=\"post-content-text\">\r\n\t\t\t\t\t\t\t<h3 class=\"news-title\"><a href=\"https:\/\/hotelgameiro.com\/en\/news\/rotunda-de-locomotivas\/\" rel=\"bookmark\">Locomotives Roundabout<\/a><\/h3>\t\t\t\t\t\t\t\t<div class=\"news-content-excerpt\">\r\n\t\t\t\t\t\t\t\t\t\t\t\t\t\t\t\t\t\t\t<div class=\"news-short-content\">\r\n\t\t\t\t\t\t\t\t\t\t\tExposi\u00e7\u00e3o permanente de material circulante pertencente \u00e0 colec\u00e7\u00e3o da FMNF, inaugurada em 20 de Junho de 2008, Museu Nacional Ferrovi\u00e1rio, Entroncamento.\t\t\t\t\t\t\t\t\t\t<\/div>\r\n\t\t\t\t\t\t\t\t\t\t<a href=\"https:\/\/hotelgameiro.com\/en\/news\/rotunda-de-locomotivas\/\" class=\"news-more-link\">Read More<\/a>\r\n\t\t\t\t\t\t\t\t\t\t\t\t\t\t\t\t\t<\/div><!-- .entry-content -->\r\n\t\t\t\t\t\t\t\t\t\t\t\t\t<\/div>\r\n\t\t\t\t\t<\/div>\r\n\t\t\t\t<\/div><!-- #post-## -->\r\n\t\t\t<\/div><!-- #post-## -->\r\n\t\t\t<\/div>\r\n\r\n\t\n","protected":false},"excerpt":{"rendered":"","protected":false},"author":1,"featured_media":0,"parent":0,"menu_order":0,"comment_status":"closed","ping_status":"closed","template":"","meta":{"jetpack_post_was_ever_published":false,"footnotes":""},"class_list":["post-65","page","type-page","status-publish","hentry"],"yoast_head":"<!-- This site is optimized with the Yoast SEO plugin v25.1 - https:\/\/yoast.com\/wordpress\/plugins\/seo\/ -->\n<title>Not\u00edcias - Hotel Gameiro<\/title>\n<meta name=\"description\" content=\"Not\u00edcias - Hotel Gameiro. Anteriormente Residencial, passou recentemente a Hotel. Completamente remodelado com uma decora\u00e7\u00e3o agrad\u00e1vel e de muito bom gosto.\" \/>\n<meta name=\"robots\" content=\"index, follow, max-snippet:-1, max-image-preview:large, max-video-preview:-1\" \/>\n<link rel=\"canonical\" href=\"https:\/\/hotelgameiro.com\/noticias\/\" \/>\n<meta property=\"og:locale\" content=\"en_US\" \/>\n<meta property=\"og:type\" content=\"article\" \/>\n<meta property=\"og:title\" content=\"Not\u00edcias - Hotel Gameiro\" \/>\n<meta property=\"og:description\" content=\"Not\u00edcias - Hotel Gameiro. Anteriormente Residencial, passou recentemente a Hotel. Completamente remodelado com uma decora\u00e7\u00e3o agrad\u00e1vel e de muito bom gosto.\" \/>\n<meta property=\"og:url\" content=\"https:\/\/hotelgameiro.com\/noticias\/\" \/>\n<meta property=\"article:publisher\" content=\"https:\/\/pt-pt.facebook.com\/Hotel-Gameiro-140640426008034\/\" \/>\n<meta property=\"article:modified_time\" content=\"2016-03-30T14:10:42+00:00\" \/>\n<meta name=\"twitter:card\" content=\"summary_large_image\" \/>\n<script type=\"application\/ld+json\" class=\"yoast-schema-graph\">{\"@context\":\"https:\/\/schema.org\",\"@graph\":[{\"@type\":\"WebPage\",\"@id\":\"https:\/\/hotelgameiro.com\/noticias\/\",\"url\":\"https:\/\/hotelgameiro.com\/noticias\/\",\"name\":\"Not\u00edcias - Hotel Gameiro\",\"isPartOf\":{\"@id\":\"https:\/\/hotelgameiro.com\/#website\"},\"datePublished\":\"2016-01-21T22:21:52+00:00\",\"dateModified\":\"2016-03-30T14:10:42+00:00\",\"description\":\"Not\u00edcias - Hotel Gameiro. Anteriormente Residencial, passou recentemente a Hotel. Completamente remodelado com uma decora\u00e7\u00e3o agrad\u00e1vel e de muito bom gosto.\",\"breadcrumb\":{\"@id\":\"https:\/\/hotelgameiro.com\/noticias\/#breadcrumb\"},\"inLanguage\":\"en-US\",\"potentialAction\":[{\"@type\":\"ReadAction\",\"target\":[\"https:\/\/hotelgameiro.com\/noticias\/\"]}]},{\"@type\":\"BreadcrumbList\",\"@id\":\"https:\/\/hotelgameiro.com\/noticias\/#breadcrumb\",\"itemListElement\":[{\"@type\":\"ListItem\",\"position\":1,\"name\":\"Home\",\"item\":\"https:\/\/hotelgameiro.com\/\"},{\"@type\":\"ListItem\",\"position\":2,\"name\":\"Not\u00edcias\"}]},{\"@type\":\"WebSite\",\"@id\":\"https:\/\/hotelgameiro.com\/#website\",\"url\":\"https:\/\/hotelgameiro.com\/\",\"name\":\"\",\"description\":\"\",\"publisher\":{\"@id\":\"https:\/\/hotelgameiro.com\/#organization\"},\"potentialAction\":[{\"@type\":\"SearchAction\",\"target\":{\"@type\":\"EntryPoint\",\"urlTemplate\":\"https:\/\/hotelgameiro.com\/?s={search_term_string}\"},\"query-input\":{\"@type\":\"PropertyValueSpecification\",\"valueRequired\":true,\"valueName\":\"search_term_string\"}}],\"inLanguage\":\"en-US\"},{\"@type\":\"Organization\",\"@id\":\"https:\/\/hotelgameiro.com\/#organization\",\"name\":\"Hotel Gameiro\",\"url\":\"https:\/\/hotelgameiro.com\/\",\"logo\":{\"@type\":\"ImageObject\",\"inLanguage\":\"en-US\",\"@id\":\"https:\/\/hotelgameiro.com\/#\/schema\/logo\/image\/\",\"url\":\"https:\/\/hotelgameiro.com\/wp-content\/uploads\/2016\/02\/logo_gameiro_peq.png\",\"contentUrl\":\"https:\/\/hotelgameiro.com\/wp-content\/uploads\/2016\/02\/logo_gameiro_peq.png\",\"width\":136,\"height\":68,\"caption\":\"Hotel Gameiro\"},\"image\":{\"@id\":\"https:\/\/hotelgameiro.com\/#\/schema\/logo\/image\/\"},\"sameAs\":[\"https:\/\/pt-pt.facebook.com\/Hotel-Gameiro-140640426008034\/\"]}]}<\/script>\n<!-- \/ Yoast SEO plugin. -->","yoast_head_json":{"title":"Not\u00edcias - Hotel Gameiro","description":"Not\u00edcias - Hotel Gameiro. Anteriormente Residencial, passou recentemente a Hotel. Completamente remodelado com uma decora\u00e7\u00e3o agrad\u00e1vel e de muito bom gosto.","robots":{"index":"index","follow":"follow","max-snippet":"max-snippet:-1","max-image-preview":"max-image-preview:large","max-video-preview":"max-video-preview:-1"},"canonical":"https:\/\/hotelgameiro.com\/noticias\/","og_locale":"en_US","og_type":"article","og_title":"Not\u00edcias - Hotel Gameiro","og_description":"Not\u00edcias - Hotel Gameiro. Anteriormente Residencial, passou recentemente a Hotel. Completamente remodelado com uma decora\u00e7\u00e3o agrad\u00e1vel e de muito bom gosto.","og_url":"https:\/\/hotelgameiro.com\/noticias\/","article_publisher":"https:\/\/pt-pt.facebook.com\/Hotel-Gameiro-140640426008034\/","article_modified_time":"2016-03-30T14:10:42+00:00","twitter_card":"summary_large_image","schema":{"@context":"https:\/\/schema.org","@graph":[{"@type":"WebPage","@id":"https:\/\/hotelgameiro.com\/noticias\/","url":"https:\/\/hotelgameiro.com\/noticias\/","name":"Not\u00edcias - Hotel Gameiro","isPartOf":{"@id":"https:\/\/hotelgameiro.com\/#website"},"datePublished":"2016-01-21T22:21:52+00:00","dateModified":"2016-03-30T14:10:42+00:00","description":"Not\u00edcias - Hotel Gameiro. Anteriormente Residencial, passou recentemente a Hotel. Completamente remodelado com uma decora\u00e7\u00e3o agrad\u00e1vel e de muito bom gosto.","breadcrumb":{"@id":"https:\/\/hotelgameiro.com\/noticias\/#breadcrumb"},"inLanguage":"en-US","potentialAction":[{"@type":"ReadAction","target":["https:\/\/hotelgameiro.com\/noticias\/"]}]},{"@type":"BreadcrumbList","@id":"https:\/\/hotelgameiro.com\/noticias\/#breadcrumb","itemListElement":[{"@type":"ListItem","position":1,"name":"Home","item":"https:\/\/hotelgameiro.com\/"},{"@type":"ListItem","position":2,"name":"Not\u00edcias"}]},{"@type":"WebSite","@id":"https:\/\/hotelgameiro.com\/#website","url":"https:\/\/hotelgameiro.com\/","name":"","description":"","publisher":{"@id":"https:\/\/hotelgameiro.com\/#organization"},"potentialAction":[{"@type":"SearchAction","target":{"@type":"EntryPoint","urlTemplate":"https:\/\/hotelgameiro.com\/?s={search_term_string}"},"query-input":{"@type":"PropertyValueSpecification","valueRequired":true,"valueName":"search_term_string"}}],"inLanguage":"en-US"},{"@type":"Organization","@id":"https:\/\/hotelgameiro.com\/#organization","name":"Hotel Gameiro","url":"https:\/\/hotelgameiro.com\/","logo":{"@type":"ImageObject","inLanguage":"en-US","@id":"https:\/\/hotelgameiro.com\/#\/schema\/logo\/image\/","url":"https:\/\/hotelgameiro.com\/wp-content\/uploads\/2016\/02\/logo_gameiro_peq.png","contentUrl":"https:\/\/hotelgameiro.com\/wp-content\/uploads\/2016\/02\/logo_gameiro_peq.png","width":136,"height":68,"caption":"Hotel Gameiro"},"image":{"@id":"https:\/\/hotelgameiro.com\/#\/schema\/logo\/image\/"},"sameAs":["https:\/\/pt-pt.facebook.com\/Hotel-Gameiro-140640426008034\/"]}]}},"jetpack_sharing_enabled":true,"jetpack_shortlink":"https:\/\/wp.me\/P7rZqZ-13","_links":{"self":[{"href":"https:\/\/hotelgameiro.com\/en\/wp-json\/wp\/v2\/pages\/65","targetHints":{"allow":["GET"]}}],"collection":[{"href":"https:\/\/hotelgameiro.com\/en\/wp-json\/wp\/v2\/pages"}],"about":[{"href":"https:\/\/hotelgameiro.com\/en\/wp-json\/wp\/v2\/types\/page"}],"author":[{"embeddable":true,"href":"https:\/\/hotelgameiro.com\/en\/wp-json\/wp\/v2\/users\/1"}],"replies":[{"embeddable":true,"href":"https:\/\/hotelgameiro.com\/en\/wp-json\/wp\/v2\/comments?post=65"}],"version-history":[{"count":17,"href":"https:\/\/hotelgameiro.com\/en\/wp-json\/wp\/v2\/pages\/65\/revisions"}],"predecessor-version":[{"id":272,"href":"https:\/\/hotelgameiro.com\/en\/wp-json\/wp\/v2\/pages\/65\/revisions\/272"}],"wp:attachment":[{"href":"https:\/\/hotelgameiro.com\/en\/wp-json\/wp\/v2\/media?parent=65"}],"curies":[{"name":"wp","href":"https:\/\/api.w.org\/{rel}","templated":true}]}}