{"id":30,"date":"2016-01-21T16:30:39","date_gmt":"2016-01-21T16:30:39","guid":{"rendered":"http:\/\/hotelgameiro.com\/?page_id=30"},"modified":"2016-03-30T14:25:21","modified_gmt":"2016-03-30T14:25:21","slug":"reservas","status":"publish","type":"page","link":"https:\/\/hotelgameiro.com\/en\/reservas\/","title":{"rendered":"Reservas"},"content":{"rendered":"<p>\n<div class=\"wpcf7 no-js\" id=\"wpcf7-f267-o2\" lang=\"pt-PT\" dir=\"ltr\" data-wpcf7-id=\"267\">\n<div class=\"screen-reader-response\"><p role=\"status\" aria-live=\"polite\" aria-atomic=\"true\"><\/p> <ul><\/ul><\/div>\n<form action=\"\/en\/wp-json\/wp\/v2\/pages\/30#wpcf7-f267-o2\" method=\"post\" class=\"wpcf7-form init\" aria-label=\"Formul\u00e1rio de contacto\" novalidate=\"novalidate\" data-status=\"init\">\n<div style=\"display: none;\">\n<input type=\"hidden\" name=\"_wpcf7\" value=\"267\" \/>\n<input type=\"hidden\" name=\"_wpcf7_version\" value=\"6.0.6\" \/>\n<input type=\"hidden\" name=\"_wpcf7_locale\" value=\"pt_PT\" \/>\n<input type=\"hidden\" name=\"_wpcf7_unit_tag\" value=\"wpcf7-f267-o2\" \/>\n<input type=\"hidden\" name=\"_wpcf7_container_post\" value=\"0\" \/>\n<input type=\"hidden\" name=\"_wpcf7_posted_data_hash\" value=\"\" \/>\n<\/div>\n<p>Name:*<br \/>\n    <div class=\"form-group your-name\"><input class=\"wpcf7-form-control wpcf7-text wpcf7-validates-as-required form-control\" name=\"your-name\" type=\"text\" value=\"\" aria-invalid=\"false\" aria-required=\"true\" required><\/div> <\/p>\n\n<p>Address:<br \/>\n    <div class=\"form-group your-morada\"><input class=\"wpcf7-form-control wpcf7-text form-control\" name=\"your-morada\" type=\"text\" value=\"\" aria-invalid=\"false\"><\/div> <\/p>\n\n<p>Email:*<br \/>\n    <div class=\"form-group your-email\"><input class=\"wpcf7-form-control wpcf7-email wpcf7-validates-as-required wpcf7-text wpcf7-validates-as-email form-control\" name=\"your-email\" type=\"email\" value=\"\" aria-invalid=\"false\" aria-required=\"true\" required><\/div> <\/p>\n\n<p>Telephone:<br \/>\n    <div class=\"form-group your-telefone\"><input class=\"wpcf7-form-control wpcf7-tel wpcf7-text wpcf7-validates-as-tel form-control\" name=\"your-telefone\" type=\"tel\" value=\"\" aria-invalid=\"false\"><\/div> <\/p>\n\n\n<p>Entry day:*<br \/>\n    <div class=\"form-group your-diaentrada\"><input class=\"wpcf7-form-control wpcf7-date wpcf7-validates-as-required wpcf7-validates-as-date form-control\" name=\"your-diaentrada\" type=\"date\" value=\"\" placeholder=\"dd\/mm\/yy\" min=\"\" max=\"\" step=\"\" aria-invalid=\"false\" aria-required=\"true\" required><\/div> <\/p>\n\n<p>Exit day:*<br \/>\n    <div class=\"form-group your-diasaida\"><input class=\"wpcf7-form-control wpcf7-date wpcf7-validates-as-required wpcf7-validates-as-date form-control\" name=\"your-diasaida\" type=\"date\" value=\"\" placeholder=\"dd\/mm\/yy\" min=\"\" max=\"\" step=\"\" aria-invalid=\"false\" aria-required=\"true\" required><\/div> <\/p>\n\n<div class=\"form-group wpcf7-form-control wpcf7-checkbox wpcf7-validates-as-required wpcf7-exclusive-checkbox checkbox-452\"><div class=\"checkbox\"><label ><input name=\"checkbox-452[]\" type=\"checkbox\" value=\"Twin Room\" aria-invalid=\"false\" aria-required=\"true\" required>Twin Room<\/label><\/div><div class=\"checkbox\"><label ><input name=\"checkbox-452[]\" type=\"checkbox\" value=\"Double Room\" aria-invalid=\"false\" aria-required=\"true\" required>Double Room<\/label><\/div><\/div>\n\n<p>Number of Adults:*<br \/>\n    <div class=\"form-group your-numeroadultos\"><input class=\"wpcf7-form-control wpcf7-number wpcf7-validates-as-required wpcf7-validates-as-number form-control\" name=\"your-numeroadultos\" type=\"number\" value=\"\" min=\"1\" max=\"\" step=\"\" aria-invalid=\"false\" aria-required=\"true\" required><\/div> <\/p>\n\n<p>Number of Children<br \/>\n    <div class=\"form-group your-numerocriancas\"><input class=\"wpcf7-form-control wpcf7-number wpcf7-validates-as-number form-control\" name=\"your-numerocriancas\" type=\"number\" value=\"0\" min=\"0\" max=\"\" step=\"\" aria-invalid=\"false\"><\/div> <\/p>\n\n<p>Additional Information<br \/>\n    <div class=\"form-group your-message\"><textarea class=\"wpcf7-form-control wpcf7-textarea form-control\" name=\"your-message\" rows=\"4\" aria-invalid=\"false\"><\/textarea><\/div> <\/p>\n\n* Required field\n\n[recaptcha]\n\n<p><div class=\"form-group\"><div><input class=\"wpcf7-form-control wpcf7-submit btn btn-primary\" type=\"submit\" value=\"Send\"><\/div><\/div><\/p><p style=\"display: none !important;\" class=\"akismet-fields-container\" data-prefix=\"_wpcf7_ak_\"><label>&#916;<textarea name=\"_wpcf7_ak_hp_textarea\" cols=\"45\" rows=\"8\" maxlength=\"100\"><\/textarea><\/label><input type=\"hidden\" id=\"ak_js_2\" name=\"_wpcf7_ak_js\" value=\"200\"\/><script>document.getElementById( \"ak_js_2\" ).setAttribute( \"value\", ( new Date() ).getTime() );<\/script><\/p><div class=\"wpcf7-response-output alert alert-warning\"><\/div>\n<\/form>\n<\/div>\n<\/p>","protected":false},"excerpt":{"rendered":"","protected":false},"author":1,"featured_media":0,"parent":0,"menu_order":0,"comment_status":"closed","ping_status":"closed","template":"","meta":{"jetpack_post_was_ever_published":false,"footnotes":""},"class_list":["post-30","page","type-page","status-publish","hentry"],"yoast_head":"<!-- This site is optimized with the Yoast SEO plugin v25.1 - https:\/\/yoast.com\/wordpress\/plugins\/seo\/ -->\n<title>Reservas - Hotel Gameiro<\/title>\n<meta name=\"description\" content=\"Reservas. Para efectuar a sua reserva online, por favor preencha e envie o formul\u00e1rio e aguarde pela confirma\u00e7\u00e3o do Hotel Gameiro.\" \/>\n<meta name=\"robots\" content=\"index, follow, max-snippet:-1, max-image-preview:large, max-video-preview:-1\" \/>\n<link rel=\"canonical\" href=\"https:\/\/hotelgameiro.com\/reservas\/\" \/>\n<meta property=\"og:locale\" content=\"en_US\" \/>\n<meta property=\"og:type\" content=\"article\" \/>\n<meta property=\"og:title\" content=\"Reservas - Hotel Gameiro\" \/>\n<meta property=\"og:description\" content=\"Reservas. Para efectuar a sua reserva online, por favor preencha e envie o formul\u00e1rio e aguarde pela confirma\u00e7\u00e3o do Hotel Gameiro.\" \/>\n<meta property=\"og:url\" content=\"https:\/\/hotelgameiro.com\/reservas\/\" \/>\n<meta property=\"article:publisher\" content=\"https:\/\/pt-pt.facebook.com\/Hotel-Gameiro-140640426008034\/\" \/>\n<meta property=\"article:modified_time\" content=\"2016-03-30T14:25:21+00:00\" \/>\n<meta name=\"twitter:card\" content=\"summary_large_image\" \/>\n<script type=\"application\/ld+json\" class=\"yoast-schema-graph\">{\"@context\":\"https:\/\/schema.org\",\"@graph\":[{\"@type\":\"WebPage\",\"@id\":\"https:\/\/hotelgameiro.com\/reservas\/\",\"url\":\"https:\/\/hotelgameiro.com\/reservas\/\",\"name\":\"Reservas - Hotel Gameiro\",\"isPartOf\":{\"@id\":\"https:\/\/hotelgameiro.com\/#website\"},\"datePublished\":\"2016-01-21T16:30:39+00:00\",\"dateModified\":\"2016-03-30T14:25:21+00:00\",\"description\":\"Reservas. Para efectuar a sua reserva online, por favor preencha e envie o formul\u00e1rio e aguarde pela confirma\u00e7\u00e3o do Hotel Gameiro.\",\"breadcrumb\":{\"@id\":\"https:\/\/hotelgameiro.com\/reservas\/#breadcrumb\"},\"inLanguage\":\"en-US\",\"potentialAction\":[{\"@type\":\"ReadAction\",\"target\":[\"https:\/\/hotelgameiro.com\/reservas\/\"]}]},{\"@type\":\"BreadcrumbList\",\"@id\":\"https:\/\/hotelgameiro.com\/reservas\/#breadcrumb\",\"itemListElement\":[{\"@type\":\"ListItem\",\"position\":1,\"name\":\"Home\",\"item\":\"https:\/\/hotelgameiro.com\/\"},{\"@type\":\"ListItem\",\"position\":2,\"name\":\"Reservas\"}]},{\"@type\":\"WebSite\",\"@id\":\"https:\/\/hotelgameiro.com\/#website\",\"url\":\"https:\/\/hotelgameiro.com\/\",\"name\":\"\",\"description\":\"\",\"publisher\":{\"@id\":\"https:\/\/hotelgameiro.com\/#organization\"},\"potentialAction\":[{\"@type\":\"SearchAction\",\"target\":{\"@type\":\"EntryPoint\",\"urlTemplate\":\"https:\/\/hotelgameiro.com\/?s={search_term_string}\"},\"query-input\":{\"@type\":\"PropertyValueSpecification\",\"valueRequired\":true,\"valueName\":\"search_term_string\"}}],\"inLanguage\":\"en-US\"},{\"@type\":\"Organization\",\"@id\":\"https:\/\/hotelgameiro.com\/#organization\",\"name\":\"Hotel Gameiro\",\"url\":\"https:\/\/hotelgameiro.com\/\",\"logo\":{\"@type\":\"ImageObject\",\"inLanguage\":\"en-US\",\"@id\":\"https:\/\/hotelgameiro.com\/#\/schema\/logo\/image\/\",\"url\":\"https:\/\/hotelgameiro.com\/wp-content\/uploads\/2016\/02\/logo_gameiro_peq.png\",\"contentUrl\":\"https:\/\/hotelgameiro.com\/wp-content\/uploads\/2016\/02\/logo_gameiro_peq.png\",\"width\":136,\"height\":68,\"caption\":\"Hotel Gameiro\"},\"image\":{\"@id\":\"https:\/\/hotelgameiro.com\/#\/schema\/logo\/image\/\"},\"sameAs\":[\"https:\/\/pt-pt.facebook.com\/Hotel-Gameiro-140640426008034\/\"]}]}<\/script>\n<!-- \/ Yoast SEO plugin. -->","yoast_head_json":{"title":"Reservas - Hotel Gameiro","description":"Reservas. Para efectuar a sua reserva online, por favor preencha e envie o formul\u00e1rio e aguarde pela confirma\u00e7\u00e3o do Hotel Gameiro.","robots":{"index":"index","follow":"follow","max-snippet":"max-snippet:-1","max-image-preview":"max-image-preview:large","max-video-preview":"max-video-preview:-1"},"canonical":"https:\/\/hotelgameiro.com\/reservas\/","og_locale":"en_US","og_type":"article","og_title":"Reservas - Hotel Gameiro","og_description":"Reservas. Para efectuar a sua reserva online, por favor preencha e envie o formul\u00e1rio e aguarde pela confirma\u00e7\u00e3o do Hotel Gameiro.","og_url":"https:\/\/hotelgameiro.com\/reservas\/","article_publisher":"https:\/\/pt-pt.facebook.com\/Hotel-Gameiro-140640426008034\/","article_modified_time":"2016-03-30T14:25:21+00:00","twitter_card":"summary_large_image","schema":{"@context":"https:\/\/schema.org","@graph":[{"@type":"WebPage","@id":"https:\/\/hotelgameiro.com\/reservas\/","url":"https:\/\/hotelgameiro.com\/reservas\/","name":"Reservas - Hotel Gameiro","isPartOf":{"@id":"https:\/\/hotelgameiro.com\/#website"},"datePublished":"2016-01-21T16:30:39+00:00","dateModified":"2016-03-30T14:25:21+00:00","description":"Reservas. Para efectuar a sua reserva online, por favor preencha e envie o formul\u00e1rio e aguarde pela confirma\u00e7\u00e3o do Hotel Gameiro.","breadcrumb":{"@id":"https:\/\/hotelgameiro.com\/reservas\/#breadcrumb"},"inLanguage":"en-US","potentialAction":[{"@type":"ReadAction","target":["https:\/\/hotelgameiro.com\/reservas\/"]}]},{"@type":"BreadcrumbList","@id":"https:\/\/hotelgameiro.com\/reservas\/#breadcrumb","itemListElement":[{"@type":"ListItem","position":1,"name":"Home","item":"https:\/\/hotelgameiro.com\/"},{"@type":"ListItem","position":2,"name":"Reservas"}]},{"@type":"WebSite","@id":"https:\/\/hotelgameiro.com\/#website","url":"https:\/\/hotelgameiro.com\/","name":"","description":"","publisher":{"@id":"https:\/\/hotelgameiro.com\/#organization"},"potentialAction":[{"@type":"SearchAction","target":{"@type":"EntryPoint","urlTemplate":"https:\/\/hotelgameiro.com\/?s={search_term_string}"},"query-input":{"@type":"PropertyValueSpecification","valueRequired":true,"valueName":"search_term_string"}}],"inLanguage":"en-US"},{"@type":"Organization","@id":"https:\/\/hotelgameiro.com\/#organization","name":"Hotel Gameiro","url":"https:\/\/hotelgameiro.com\/","logo":{"@type":"ImageObject","inLanguage":"en-US","@id":"https:\/\/hotelgameiro.com\/#\/schema\/logo\/image\/","url":"https:\/\/hotelgameiro.com\/wp-content\/uploads\/2016\/02\/logo_gameiro_peq.png","contentUrl":"https:\/\/hotelgameiro.com\/wp-content\/uploads\/2016\/02\/logo_gameiro_peq.png","width":136,"height":68,"caption":"Hotel Gameiro"},"image":{"@id":"https:\/\/hotelgameiro.com\/#\/schema\/logo\/image\/"},"sameAs":["https:\/\/pt-pt.facebook.com\/Hotel-Gameiro-140640426008034\/"]}]}},"jetpack_sharing_enabled":true,"jetpack_shortlink":"https:\/\/wp.me\/P7rZqZ-u","_links":{"self":[{"href":"https:\/\/hotelgameiro.com\/en\/wp-json\/wp\/v2\/pages\/30","targetHints":{"allow":["GET"]}}],"collection":[{"href":"https:\/\/hotelgameiro.com\/en\/wp-json\/wp\/v2\/pages"}],"about":[{"href":"https:\/\/hotelgameiro.com\/en\/wp-json\/wp\/v2\/types\/page"}],"author":[{"embeddable":true,"href":"https:\/\/hotelgameiro.com\/en\/wp-json\/wp\/v2\/users\/1"}],"replies":[{"embeddable":true,"href":"https:\/\/hotelgameiro.com\/en\/wp-json\/wp\/v2\/comments?post=30"}],"version-history":[{"count":28,"href":"https:\/\/hotelgameiro.com\/en\/wp-json\/wp\/v2\/pages\/30\/revisions"}],"predecessor-version":[{"id":268,"href":"https:\/\/hotelgameiro.com\/en\/wp-json\/wp\/v2\/pages\/30\/revisions\/268"}],"wp:attachment":[{"href":"https:\/\/hotelgameiro.com\/en\/wp-json\/wp\/v2\/media?parent=30"}],"curies":[{"name":"wp","href":"https:\/\/api.w.org\/{rel}","templated":true}]}}