{"id":26,"date":"2016-01-21T16:29:53","date_gmt":"2016-01-21T16:29:53","guid":{"rendered":"http:\/\/hotelgameiro.com\/?page_id=26"},"modified":"2016-03-30T14:20:12","modified_gmt":"2016-03-30T14:20:12","slug":"instalacoes","status":"publish","type":"page","link":"https:\/\/hotelgameiro.com\/en\/instalacoes\/","title":{"rendered":"Facilities"},"content":{"rendered":"<p><\/p>\n<div class=\"csRow\">\n<div class=\"csColumnGap\" style=\"margin: 0px; padding: 0px; float: left; width: 1.56%;\"><img decoding=\"async\" style=\"border: none;\" src=\"http:\/\/hotelgameiro.com\/wp-content\/plugins\/advanced-wp-columns\/assets\/js\/plugins\/views\/img\/1x1-pixel.png\" alt=\"\" \/><\/div>\n<div class=\"csColumn\" style=\"margin: 0px; padding: 0px; float: left; width: 31.3%;\" data-csstartpoint=\"15\" data-csendpoint=\"315\" data-cswidth=\"31.3%\" data-csid=\"0f32759b-7b89-15e7-8a30-244f32a90000\">\n<p>\u00a0<a href=\"http:\/\/hotelgameiro.com\/recepcao\/\"><img loading=\"lazy\" decoding=\"async\" class=\"alignnone wp-image-420 size-full\" src=\"http:\/\/hotelgameiro.com\/wp-content\/uploads\/2016\/01\/RECEPCAO_2.jpg\" alt=\"\" width=\"400\" height=\"300\" srcset=\"https:\/\/hotelgameiro.com\/wp-content\/uploads\/2016\/01\/RECEPCAO_2.jpg 400w, https:\/\/hotelgameiro.com\/wp-content\/uploads\/2016\/01\/RECEPCAO_2-300x225.jpg 300w\" sizes=\"auto, (max-width: 400px) 100vw, 400px\" \/><\/a><\/p>\n<p style=\"text-align: center;\"><a href=\"http:\/\/hotelgameiro.com\/recepcao\/\">Reception<\/a><\/p>\n<\/div>\n<div class=\"csColumnGap\" style=\"margin: 0px; padding: 0px; float: left; width: 1.56%;\"><img decoding=\"async\" style=\"border: none;\" src=\"http:\/\/hotelgameiro.com\/wp-content\/plugins\/advanced-wp-columns\/assets\/js\/plugins\/views\/img\/1x1-pixel.png\" alt=\"\" \/><\/div>\n<div class=\"csColumn\" style=\"margin: 0px; padding: 0px; float: left; width: 31.3%;\" data-csstartpoint=\"330\" data-csendpoint=\"630\" data-cswidth=\"31.3%\" data-csid=\"a017b2bd-b82a-e760-aa04-3492c05dd068\">\n<p>\u00a0<a href=\"http:\/\/hotelgameiro.com\/sala-de-estar\/\"><img loading=\"lazy\" decoding=\"async\" class=\"alignnone wp-image-421 size-full\" src=\"http:\/\/hotelgameiro.com\/wp-content\/uploads\/2016\/01\/SALA_DE_ESTAR_2.jpg\" alt=\"\" width=\"400\" height=\"300\" srcset=\"https:\/\/hotelgameiro.com\/wp-content\/uploads\/2016\/01\/SALA_DE_ESTAR_2.jpg 400w, https:\/\/hotelgameiro.com\/wp-content\/uploads\/2016\/01\/SALA_DE_ESTAR_2-300x225.jpg 300w\" sizes=\"auto, (max-width: 400px) 100vw, 400px\" \/><\/a><\/p>\n<p style=\"text-align: center;\"><a href=\"http:\/\/hotelgameiro.com\/sala-de-estar\/\">Living Room<\/a><\/p>\n<\/div>\n<div class=\"csColumnGap\" style=\"margin: 0px; padding: 0px; float: left; width: 1.56%;\"><img decoding=\"async\" style=\"border: none;\" src=\"http:\/\/hotelgameiro.com\/wp-content\/plugins\/advanced-wp-columns\/assets\/js\/plugins\/views\/img\/1x1-pixel.png\" alt=\"\" \/><\/div>\n<div class=\"csColumn\" style=\"margin: 0px; padding: 0px; float: left; width: 31.3%;\" data-csstartpoint=\"645\" data-csendpoint=\"945\" data-cswidth=\"31.3%\" data-csid=\"535f3a53-74c9-5ade-954e-e53a7fd90eb6\">\n<p>\u00a0<a href=\"http:\/\/hotelgameiro.com\/sala-de-refeicoes\/\"><img loading=\"lazy\" decoding=\"async\" class=\"alignnone wp-image-422 size-full\" src=\"http:\/\/hotelgameiro.com\/wp-content\/uploads\/2016\/01\/SALA_DE_REFEICOES_2.jpg\" alt=\"\" width=\"400\" height=\"300\" srcset=\"https:\/\/hotelgameiro.com\/wp-content\/uploads\/2016\/01\/SALA_DE_REFEICOES_2.jpg 400w, https:\/\/hotelgameiro.com\/wp-content\/uploads\/2016\/01\/SALA_DE_REFEICOES_2-300x225.jpg 300w\" sizes=\"auto, (max-width: 400px) 100vw, 400px\" \/><\/a><\/p>\n<p style=\"text-align: center;\"><a href=\"http:\/\/hotelgameiro.com\/sala-de-refeicoes\/\">Meal Room<\/a><\/p>\n<\/div>\n<div class=\"csColumnGap\" style=\"margin: 0px; padding: 0px; float: left; width: 1.56%;\"><img decoding=\"async\" style=\"border: none;\" src=\"http:\/\/hotelgameiro.com\/wp-content\/plugins\/advanced-wp-columns\/assets\/js\/plugins\/views\/img\/1x1-pixel.png\" alt=\"\" \/><\/div>\n<div style=\"clear: both; float: none; display: block; visibility: hidden; width: 0px; font-size: 0px; line-height: 0;\"><\/div>\n<\/div>\n<div class=\"csRow\">\n<div class=\"csColumnGap\" style=\"margin: 0px; padding: 0px; float: left; width: 1.56%;\"><img decoding=\"async\" style=\"border: none;\" src=\"http:\/\/hotelgameiro.com\/wp-content\/plugins\/advanced-wp-columns\/assets\/js\/plugins\/views\/img\/1x1-pixel.png\" alt=\"\" \/><\/div>\n<div class=\"csColumn\" style=\"margin: 0px; padding: 0px; float: left; width: 31.3%;\" data-csstartpoint=\"15\" data-csendpoint=\"315\" data-cswidth=\"31.3%\" data-csid=\"6b78246f-5621-1efe-ab4f-5f0535351e27\">\n<p><a href=\"http:\/\/hotelgameiro.com\/quartos-single\/\"><img loading=\"lazy\" decoding=\"async\" class=\"alignnone wp-image-423 size-full\" src=\"http:\/\/hotelgameiro.com\/wp-content\/uploads\/2016\/01\/QUARTO_SINGLE_2.jpg\" alt=\"\" width=\"400\" height=\"300\" srcset=\"https:\/\/hotelgameiro.com\/wp-content\/uploads\/2016\/01\/QUARTO_SINGLE_2.jpg 400w, https:\/\/hotelgameiro.com\/wp-content\/uploads\/2016\/01\/QUARTO_SINGLE_2-300x225.jpg 300w\" sizes=\"auto, (max-width: 400px) 100vw, 400px\" \/><\/a><\/p>\n<p style=\"text-align: center;\"><a href=\"http:\/\/hotelgameiro.com\/quartos-single\/\">Single Room<\/a><\/p>\n<\/div>\n<div class=\"csColumnGap\" style=\"margin: 0px; padding: 0px; float: left; width: 1.56%;\"><img decoding=\"async\" style=\"border: none;\" src=\"http:\/\/hotelgameiro.com\/wp-content\/plugins\/advanced-wp-columns\/assets\/js\/plugins\/views\/img\/1x1-pixel.png\" alt=\"\" \/><\/div>\n<div class=\"csColumn\" style=\"margin: 0px; padding: 0px; float: left; width: 31.3%;\" data-csstartpoint=\"330\" data-csendpoint=\"630\" data-cswidth=\"31.3%\" data-csid=\"42b12a0c-f31a-ffc2-9e99-250536a67424\">\n<p><a href=\"http:\/\/hotelgameiro.com\/quartos-duplos\/\"><img loading=\"lazy\" decoding=\"async\" class=\"alignnone wp-image-424 size-full\" src=\"http:\/\/hotelgameiro.com\/wp-content\/uploads\/2016\/01\/QUARTO_DUPLO_2.jpg\" alt=\"\" width=\"400\" height=\"300\" srcset=\"https:\/\/hotelgameiro.com\/wp-content\/uploads\/2016\/01\/QUARTO_DUPLO_2.jpg 400w, https:\/\/hotelgameiro.com\/wp-content\/uploads\/2016\/01\/QUARTO_DUPLO_2-300x225.jpg 300w\" sizes=\"auto, (max-width: 400px) 100vw, 400px\" \/><\/a><\/p>\n<p style=\"text-align: center;\"><a href=\"http:\/\/hotelgameiro.com\/quartos-duplos\/\">Double Room<\/a><\/p>\n<\/div>\n<div class=\"csColumnGap\" style=\"margin: 0px; padding: 0px; float: left; width: 1.56%;\"><img decoding=\"async\" style=\"border: none;\" src=\"http:\/\/hotelgameiro.com\/wp-content\/plugins\/advanced-wp-columns\/assets\/js\/plugins\/views\/img\/1x1-pixel.png\" alt=\"\" \/><\/div>\n<div class=\"csColumn\" style=\"margin: 0px; padding: 0px; float: left; width: 31.3%;\" data-csstartpoint=\"645\" data-csendpoint=\"945\" data-cswidth=\"31.3%\" data-csid=\"aee6f750-30c2-3aa1-83fd-76e286f5c3f8\">\n<p><a href=\"http:\/\/hotelgameiro.com\/quartos-familiares\/\"><img loading=\"lazy\" decoding=\"async\" class=\"alignnone wp-image-425 size-full\" src=\"http:\/\/hotelgameiro.com\/wp-content\/uploads\/2016\/01\/QUARTO_FAMILIAR_2.jpg\" alt=\"\" width=\"400\" height=\"300\" srcset=\"https:\/\/hotelgameiro.com\/wp-content\/uploads\/2016\/01\/QUARTO_FAMILIAR_2.jpg 400w, https:\/\/hotelgameiro.com\/wp-content\/uploads\/2016\/01\/QUARTO_FAMILIAR_2-300x225.jpg 300w\" sizes=\"auto, (max-width: 400px) 100vw, 400px\" \/><\/a><\/p>\n<p style=\"text-align: center;\"><a href=\"http:\/\/hotelgameiro.com\/quartos-familiares\/\">Family Room<\/a><\/p>\n<\/div>\n<div class=\"csColumnGap\" style=\"margin: 0px; padding: 0px; float: left; width: 1.56%;\"><img decoding=\"async\" style=\"border: none;\" src=\"http:\/\/hotelgameiro.com\/wp-content\/plugins\/advanced-wp-columns\/assets\/js\/plugins\/views\/img\/1x1-pixel.png\" alt=\"\" \/><\/div>\n<div style=\"clear: both; float: none; display: block; visibility: hidden; width: 0px; font-size: 0px; line-height: 0;\"><\/div>\n<\/div>\n<p>&nbsp;<\/p>\n<div class=\"csRow\">\n<div class=\"csColumnGap\" style=\"margin: 0px; padding: 0px; float: left; width: 1.56%;\"><img decoding=\"async\" style=\"border: none;\" src=\"http:\/\/hotelgameiro.com\/wp-content\/plugins\/advanced-wp-columns\/assets\/js\/plugins\/views\/img\/1x1-pixel.png\" alt=\"\" \/><\/div>\n<div class=\"csColumn\" style=\"margin: 0px; padding: 0px; float: left; width: 31.3%;\" data-csstartpoint=\"15\" data-csendpoint=\"315\" data-cswidth=\"31.3%\" data-csid=\"3783b744-c0a8-24f6-8da7-519594044274\">\n<p><a href=\"http:\/\/hotelgameiro.com\/quarto-mobilidade-reduzida\/\"><img loading=\"lazy\" decoding=\"async\" class=\"alignnone wp-image-426 size-full\" src=\"http:\/\/hotelgameiro.com\/wp-content\/uploads\/2016\/01\/MOBILIDADE_REDUZIDA_2.jpg\" alt=\"\" width=\"400\" height=\"300\" srcset=\"https:\/\/hotelgameiro.com\/wp-content\/uploads\/2016\/01\/MOBILIDADE_REDUZIDA_2.jpg 400w, https:\/\/hotelgameiro.com\/wp-content\/uploads\/2016\/01\/MOBILIDADE_REDUZIDA_2-300x225.jpg 300w\" sizes=\"auto, (max-width: 400px) 100vw, 400px\" \/><\/a><\/p>\n<p style=\"text-align: center;\"><a href=\"http:\/\/hotelgameiro.com\/quarto-mobilidade-reduzida\/\">Reduced Mobility<\/a><\/p>\n<\/div>\n<div class=\"csColumnGap\" style=\"margin: 0px; padding: 0px; float: left; width: 1.56%;\"><img decoding=\"async\" style=\"border: none;\" src=\"http:\/\/hotelgameiro.com\/wp-content\/plugins\/advanced-wp-columns\/assets\/js\/plugins\/views\/img\/1x1-pixel.png\" alt=\"\" \/><\/div>\n<div class=\"csColumn\" style=\"margin: 0px; padding: 0px; float: left; width: 31.3%;\" data-csstartpoint=\"330\" data-csendpoint=\"630\" data-cswidth=\"31.3%\" data-csid=\"5d039589-45ae-420c-a715-f826c8f3009b\">\n<p><a href=\"http:\/\/hotelgameiro.com\/sala-de-conferencia\/\"><img loading=\"lazy\" decoding=\"async\" class=\"alignnone wp-image-427 size-full\" src=\"http:\/\/hotelgameiro.com\/wp-content\/uploads\/2016\/01\/SALA_DE_CONFERENCIAS_2.jpg\" alt=\"\" width=\"400\" height=\"300\" srcset=\"https:\/\/hotelgameiro.com\/wp-content\/uploads\/2016\/01\/SALA_DE_CONFERENCIAS_2.jpg 400w, https:\/\/hotelgameiro.com\/wp-content\/uploads\/2016\/01\/SALA_DE_CONFERENCIAS_2-300x225.jpg 300w\" sizes=\"auto, (max-width: 400px) 100vw, 400px\" \/><\/a><\/p>\n<p style=\"text-align: center;\"><a href=\"http:\/\/hotelgameiro.com\/sala-de-conferencia\/\">Conference Room<\/a><\/p>\n<\/div>\n<div class=\"csColumnGap\" style=\"margin: 0px; padding: 0px; float: left; width: 1.56%;\"><img decoding=\"async\" style=\"border: none;\" src=\"http:\/\/hotelgameiro.com\/wp-content\/plugins\/advanced-wp-columns\/assets\/js\/plugins\/views\/img\/1x1-pixel.png\" alt=\"\" \/><\/div>\n<div class=\"csColumn\" style=\"margin: 0px; padding: 0px; float: left; width: 31.3%;\" data-csstartpoint=\"645\" data-csendpoint=\"945\" data-cswidth=\"31.3%\" data-csid=\"9d6959bb-a56c-ab65-afb7-a5eb2d38157e\">\n<p><a href=\"http:\/\/hotelgameiro.com\/exterior\/\"><img loading=\"lazy\" decoding=\"async\" class=\"alignnone wp-image-428 size-full\" src=\"http:\/\/hotelgameiro.com\/wp-content\/uploads\/2016\/01\/EXTERIOR_2.jpg\" alt=\"\" width=\"400\" height=\"300\" srcset=\"https:\/\/hotelgameiro.com\/wp-content\/uploads\/2016\/01\/EXTERIOR_2.jpg 400w, https:\/\/hotelgameiro.com\/wp-content\/uploads\/2016\/01\/EXTERIOR_2-300x225.jpg 300w\" sizes=\"auto, (max-width: 400px) 100vw, 400px\" \/><\/a><\/p>\n<p style=\"text-align: center;\"><a href=\"http:\/\/hotelgameiro.com\/exterior\/\">Outdoor<\/a><\/p>\n<\/div>\n<div class=\"csColumnGap\" style=\"margin: 0px; padding: 0px; float: left; width: 1.56%;\"><img decoding=\"async\" style=\"border: none;\" src=\"http:\/\/hotelgameiro.com\/wp-content\/plugins\/advanced-wp-columns\/assets\/js\/plugins\/views\/img\/1x1-pixel.png\" alt=\"\" \/><\/div>\n<div style=\"clear: both; float: none; display: block; visibility: hidden; width: 0px; font-size: 0px; line-height: 0;\"><\/div>\n<\/div>\n<p>&nbsp;<\/p>","protected":false},"excerpt":{"rendered":"<p>\u00a0 Reception \u00a0 Living Room \u00a0 Meal Room Single Room Double Room Family Room &nbsp; Reduced Mobility Conference Room Outdoor &nbsp;<\/p>\n","protected":false},"author":1,"featured_media":0,"parent":0,"menu_order":0,"comment_status":"closed","ping_status":"closed","template":"","meta":{"jetpack_post_was_ever_published":false,"footnotes":""},"class_list":["post-26","page","type-page","status-publish","hentry"],"yoast_head":"<!-- This site is optimized with the Yoast SEO plugin v25.1 - https:\/\/yoast.com\/wordpress\/plugins\/seo\/ -->\n<title>Instala\u00e7\u00f5es - Hotel Gameiro<\/title>\n<meta name=\"description\" content=\"Instala\u00e7\u00f5es do Hotel Gameiro: Rece\u00e7\u00e3o, Sala de Estar, Refei\u00e7\u00f5es e Confer\u00eancias, Quartos Single, Duplos, Familiares e Mobilidade Reduzida.\" \/>\n<meta name=\"robots\" content=\"index, follow, max-snippet:-1, max-image-preview:large, max-video-preview:-1\" \/>\n<link rel=\"canonical\" href=\"https:\/\/hotelgameiro.com\/instalacoes\/\" \/>\n<meta property=\"og:locale\" content=\"en_US\" \/>\n<meta property=\"og:type\" content=\"article\" \/>\n<meta property=\"og:title\" content=\"Instala\u00e7\u00f5es - Hotel Gameiro\" \/>\n<meta property=\"og:description\" content=\"Instala\u00e7\u00f5es do Hotel Gameiro: Rece\u00e7\u00e3o, Sala de Estar, Refei\u00e7\u00f5es e Confer\u00eancias, Quartos Single, Duplos, Familiares e Mobilidade Reduzida.\" \/>\n<meta property=\"og:url\" content=\"https:\/\/hotelgameiro.com\/instalacoes\/\" \/>\n<meta property=\"article:publisher\" content=\"https:\/\/pt-pt.facebook.com\/Hotel-Gameiro-140640426008034\/\" \/>\n<meta property=\"article:modified_time\" content=\"2016-03-30T14:20:12+00:00\" \/>\n<meta property=\"og:image\" content=\"http:\/\/hotelgameiro.com\/wp-content\/plugins\/advanced-wp-columns\/assets\/js\/plugins\/views\/img\/1x1-pixel.png\" \/>\n<meta name=\"twitter:card\" content=\"summary_large_image\" \/>\n<script type=\"application\/ld+json\" class=\"yoast-schema-graph\">{\"@context\":\"https:\/\/schema.org\",\"@graph\":[{\"@type\":\"WebPage\",\"@id\":\"https:\/\/hotelgameiro.com\/instalacoes\/\",\"url\":\"https:\/\/hotelgameiro.com\/instalacoes\/\",\"name\":\"Instala\u00e7\u00f5es - Hotel Gameiro\",\"isPartOf\":{\"@id\":\"https:\/\/hotelgameiro.com\/#website\"},\"primaryImageOfPage\":{\"@id\":\"https:\/\/hotelgameiro.com\/instalacoes\/#primaryimage\"},\"image\":{\"@id\":\"https:\/\/hotelgameiro.com\/instalacoes\/#primaryimage\"},\"thumbnailUrl\":\"http:\/\/hotelgameiro.com\/wp-content\/plugins\/advanced-wp-columns\/assets\/js\/plugins\/views\/img\/1x1-pixel.png\",\"datePublished\":\"2016-01-21T16:29:53+00:00\",\"dateModified\":\"2016-03-30T14:20:12+00:00\",\"description\":\"Instala\u00e7\u00f5es do Hotel Gameiro: Rece\u00e7\u00e3o, Sala de Estar, Refei\u00e7\u00f5es e Confer\u00eancias, Quartos Single, Duplos, Familiares e Mobilidade Reduzida.\",\"breadcrumb\":{\"@id\":\"https:\/\/hotelgameiro.com\/instalacoes\/#breadcrumb\"},\"inLanguage\":\"en-US\",\"potentialAction\":[{\"@type\":\"ReadAction\",\"target\":[\"https:\/\/hotelgameiro.com\/instalacoes\/\"]}]},{\"@type\":\"ImageObject\",\"inLanguage\":\"en-US\",\"@id\":\"https:\/\/hotelgameiro.com\/instalacoes\/#primaryimage\",\"url\":\"http:\/\/hotelgameiro.com\/wp-content\/plugins\/advanced-wp-columns\/assets\/js\/plugins\/views\/img\/1x1-pixel.png\",\"contentUrl\":\"http:\/\/hotelgameiro.com\/wp-content\/plugins\/advanced-wp-columns\/assets\/js\/plugins\/views\/img\/1x1-pixel.png\"},{\"@type\":\"BreadcrumbList\",\"@id\":\"https:\/\/hotelgameiro.com\/instalacoes\/#breadcrumb\",\"itemListElement\":[{\"@type\":\"ListItem\",\"position\":1,\"name\":\"Home\",\"item\":\"https:\/\/hotelgameiro.com\/\"},{\"@type\":\"ListItem\",\"position\":2,\"name\":\"Instala\u00e7\u00f5es\"}]},{\"@type\":\"WebSite\",\"@id\":\"https:\/\/hotelgameiro.com\/#website\",\"url\":\"https:\/\/hotelgameiro.com\/\",\"name\":\"\",\"description\":\"\",\"publisher\":{\"@id\":\"https:\/\/hotelgameiro.com\/#organization\"},\"potentialAction\":[{\"@type\":\"SearchAction\",\"target\":{\"@type\":\"EntryPoint\",\"urlTemplate\":\"https:\/\/hotelgameiro.com\/?s={search_term_string}\"},\"query-input\":{\"@type\":\"PropertyValueSpecification\",\"valueRequired\":true,\"valueName\":\"search_term_string\"}}],\"inLanguage\":\"en-US\"},{\"@type\":\"Organization\",\"@id\":\"https:\/\/hotelgameiro.com\/#organization\",\"name\":\"Hotel Gameiro\",\"url\":\"https:\/\/hotelgameiro.com\/\",\"logo\":{\"@type\":\"ImageObject\",\"inLanguage\":\"en-US\",\"@id\":\"https:\/\/hotelgameiro.com\/#\/schema\/logo\/image\/\",\"url\":\"https:\/\/hotelgameiro.com\/wp-content\/uploads\/2016\/02\/logo_gameiro_peq.png\",\"contentUrl\":\"https:\/\/hotelgameiro.com\/wp-content\/uploads\/2016\/02\/logo_gameiro_peq.png\",\"width\":136,\"height\":68,\"caption\":\"Hotel Gameiro\"},\"image\":{\"@id\":\"https:\/\/hotelgameiro.com\/#\/schema\/logo\/image\/\"},\"sameAs\":[\"https:\/\/pt-pt.facebook.com\/Hotel-Gameiro-140640426008034\/\"]}]}<\/script>\n<!-- \/ Yoast SEO plugin. -->","yoast_head_json":{"title":"Instala\u00e7\u00f5es - Hotel Gameiro","description":"Instala\u00e7\u00f5es do Hotel Gameiro: Rece\u00e7\u00e3o, Sala de Estar, Refei\u00e7\u00f5es e Confer\u00eancias, Quartos Single, Duplos, Familiares e Mobilidade Reduzida.","robots":{"index":"index","follow":"follow","max-snippet":"max-snippet:-1","max-image-preview":"max-image-preview:large","max-video-preview":"max-video-preview:-1"},"canonical":"https:\/\/hotelgameiro.com\/instalacoes\/","og_locale":"en_US","og_type":"article","og_title":"Instala\u00e7\u00f5es - Hotel Gameiro","og_description":"Instala\u00e7\u00f5es do Hotel Gameiro: Rece\u00e7\u00e3o, Sala de Estar, Refei\u00e7\u00f5es e Confer\u00eancias, Quartos Single, Duplos, Familiares e Mobilidade Reduzida.","og_url":"https:\/\/hotelgameiro.com\/instalacoes\/","article_publisher":"https:\/\/pt-pt.facebook.com\/Hotel-Gameiro-140640426008034\/","article_modified_time":"2016-03-30T14:20:12+00:00","og_image":[{"url":"http:\/\/hotelgameiro.com\/wp-content\/plugins\/advanced-wp-columns\/assets\/js\/plugins\/views\/img\/1x1-pixel.png","type":"","width":"","height":""}],"twitter_card":"summary_large_image","schema":{"@context":"https:\/\/schema.org","@graph":[{"@type":"WebPage","@id":"https:\/\/hotelgameiro.com\/instalacoes\/","url":"https:\/\/hotelgameiro.com\/instalacoes\/","name":"Instala\u00e7\u00f5es - Hotel Gameiro","isPartOf":{"@id":"https:\/\/hotelgameiro.com\/#website"},"primaryImageOfPage":{"@id":"https:\/\/hotelgameiro.com\/instalacoes\/#primaryimage"},"image":{"@id":"https:\/\/hotelgameiro.com\/instalacoes\/#primaryimage"},"thumbnailUrl":"http:\/\/hotelgameiro.com\/wp-content\/plugins\/advanced-wp-columns\/assets\/js\/plugins\/views\/img\/1x1-pixel.png","datePublished":"2016-01-21T16:29:53+00:00","dateModified":"2016-03-30T14:20:12+00:00","description":"Instala\u00e7\u00f5es do Hotel Gameiro: Rece\u00e7\u00e3o, Sala de Estar, Refei\u00e7\u00f5es e Confer\u00eancias, Quartos Single, Duplos, Familiares e Mobilidade Reduzida.","breadcrumb":{"@id":"https:\/\/hotelgameiro.com\/instalacoes\/#breadcrumb"},"inLanguage":"en-US","potentialAction":[{"@type":"ReadAction","target":["https:\/\/hotelgameiro.com\/instalacoes\/"]}]},{"@type":"ImageObject","inLanguage":"en-US","@id":"https:\/\/hotelgameiro.com\/instalacoes\/#primaryimage","url":"http:\/\/hotelgameiro.com\/wp-content\/plugins\/advanced-wp-columns\/assets\/js\/plugins\/views\/img\/1x1-pixel.png","contentUrl":"http:\/\/hotelgameiro.com\/wp-content\/plugins\/advanced-wp-columns\/assets\/js\/plugins\/views\/img\/1x1-pixel.png"},{"@type":"BreadcrumbList","@id":"https:\/\/hotelgameiro.com\/instalacoes\/#breadcrumb","itemListElement":[{"@type":"ListItem","position":1,"name":"Home","item":"https:\/\/hotelgameiro.com\/"},{"@type":"ListItem","position":2,"name":"Instala\u00e7\u00f5es"}]},{"@type":"WebSite","@id":"https:\/\/hotelgameiro.com\/#website","url":"https:\/\/hotelgameiro.com\/","name":"","description":"","publisher":{"@id":"https:\/\/hotelgameiro.com\/#organization"},"potentialAction":[{"@type":"SearchAction","target":{"@type":"EntryPoint","urlTemplate":"https:\/\/hotelgameiro.com\/?s={search_term_string}"},"query-input":{"@type":"PropertyValueSpecification","valueRequired":true,"valueName":"search_term_string"}}],"inLanguage":"en-US"},{"@type":"Organization","@id":"https:\/\/hotelgameiro.com\/#organization","name":"Hotel Gameiro","url":"https:\/\/hotelgameiro.com\/","logo":{"@type":"ImageObject","inLanguage":"en-US","@id":"https:\/\/hotelgameiro.com\/#\/schema\/logo\/image\/","url":"https:\/\/hotelgameiro.com\/wp-content\/uploads\/2016\/02\/logo_gameiro_peq.png","contentUrl":"https:\/\/hotelgameiro.com\/wp-content\/uploads\/2016\/02\/logo_gameiro_peq.png","width":136,"height":68,"caption":"Hotel Gameiro"},"image":{"@id":"https:\/\/hotelgameiro.com\/#\/schema\/logo\/image\/"},"sameAs":["https:\/\/pt-pt.facebook.com\/Hotel-Gameiro-140640426008034\/"]}]}},"jetpack_sharing_enabled":true,"jetpack_shortlink":"https:\/\/wp.me\/P7rZqZ-q","_links":{"self":[{"href":"https:\/\/hotelgameiro.com\/en\/wp-json\/wp\/v2\/pages\/26","targetHints":{"allow":["GET"]}}],"collection":[{"href":"https:\/\/hotelgameiro.com\/en\/wp-json\/wp\/v2\/pages"}],"about":[{"href":"https:\/\/hotelgameiro.com\/en\/wp-json\/wp\/v2\/types\/page"}],"author":[{"embeddable":true,"href":"https:\/\/hotelgameiro.com\/en\/wp-json\/wp\/v2\/users\/1"}],"replies":[{"embeddable":true,"href":"https:\/\/hotelgameiro.com\/en\/wp-json\/wp\/v2\/comments?post=26"}],"version-history":[{"count":85,"href":"https:\/\/hotelgameiro.com\/en\/wp-json\/wp\/v2\/pages\/26\/revisions"}],"predecessor-version":[{"id":468,"href":"https:\/\/hotelgameiro.com\/en\/wp-json\/wp\/v2\/pages\/26\/revisions\/468"}],"wp:attachment":[{"href":"https:\/\/hotelgameiro.com\/en\/wp-json\/wp\/v2\/media?parent=26"}],"curies":[{"name":"wp","href":"https:\/\/api.w.org\/{rel}","templated":true}]}}