{"id":24,"date":"2016-01-21T16:29:34","date_gmt":"2016-01-21T16:29:34","guid":{"rendered":"http:\/\/hotelgameiro.com\/?page_id=24"},"modified":"2025-04-23T15:35:40","modified_gmt":"2025-04-23T15:35:40","slug":"hotel","status":"publish","type":"page","link":"https:\/\/hotelgameiro.com\/en\/hotel\/","title":{"rendered":"Hotel"},"content":{"rendered":"<p><img loading=\"lazy\" decoding=\"async\" class=\"alignnone wp-image-412 size-full\" src=\"http:\/\/hotelgameiro.com\/wp-content\/uploads\/2016\/01\/hotel_imgs.jpg\" alt=\"\" width=\"1923\" height=\"425\" srcset=\"https:\/\/hotelgameiro.com\/wp-content\/uploads\/2016\/01\/hotel_imgs.jpg 1923w, https:\/\/hotelgameiro.com\/wp-content\/uploads\/2016\/01\/hotel_imgs-300x66.jpg 300w, https:\/\/hotelgameiro.com\/wp-content\/uploads\/2016\/01\/hotel_imgs-768x170.jpg 768w, https:\/\/hotelgameiro.com\/wp-content\/uploads\/2016\/01\/hotel_imgs-1024x226.jpg 1024w, https:\/\/hotelgameiro.com\/wp-content\/uploads\/2016\/01\/hotel_imgs-600x133.jpg 600w\" sizes=\"auto, (max-width: 1923px) 100vw, 1923px\" \/><\/p>\n<table style=\"width: 100%; border-collapse: collapse; border-style: none;\">\n<tbody>\n<tr>\n<td style=\"width: 25%;\"><\/td>\n<td style=\"width: 50%;\">\n<p style=\"text-align: justify;\">Gameiro Hotel enjoys a prime location in Entroncamento, 2 minutes from the railway station. Its location allows easy access to any point inside or outside the city.<\/p>\n<p style=\"text-align: justify;\">Completely renovated, Gameiro Hotel offers an excellent quality service. Featuring 44 rooms with a total of 101 room nights, is characterized by a high degree of comfort, soundproofing, air conditioning, telephone, cable TV, full bathroom, breakfast buffet, private parking and also has two rooms meetings fully prepared for your\u00a0presentations.<\/p>\n<\/td>\n<td style=\"width: 25%;\"><\/td>\n<\/tr>\n<\/tbody>\n<\/table>\n<p><\/p>","protected":false},"excerpt":{"rendered":"<p>Gameiro Hotel enjoys a prime location in Entroncamento, 2 minutes from the railway station. Its location allows easy access to any point inside or outside the city. Completely renovated, Gameiro Hotel offers an excellent quality service. Featuring 44 rooms with a total of 101 room nights, is characterized by a high degree of comfort, soundproofing, [&hellip;]<\/p>\n","protected":false},"author":1,"featured_media":0,"parent":0,"menu_order":0,"comment_status":"closed","ping_status":"closed","template":"","meta":{"jetpack_post_was_ever_published":false,"footnotes":""},"class_list":["post-24","page","type-page","status-publish","hentry"],"yoast_head":"<!-- This site is optimized with the Yoast SEO plugin v25.1 - https:\/\/yoast.com\/wordpress\/plugins\/seo\/ -->\n<title>Hotel - Hotel Gameiro<\/title>\n<meta name=\"description\" content=\"O Hotel Gameiro desfruta de uma localiza\u00e7\u00e3o privilegiada, no Centro do Entroncamento, a 2 minutos da Esta\u00e7\u00e3o de Caminhos de Ferro.\" \/>\n<meta name=\"robots\" content=\"index, follow, max-snippet:-1, max-image-preview:large, max-video-preview:-1\" \/>\n<link rel=\"canonical\" href=\"https:\/\/hotelgameiro.com\/hotel\/\" \/>\n<meta property=\"og:locale\" content=\"en_US\" \/>\n<meta property=\"og:type\" content=\"article\" \/>\n<meta property=\"og:title\" content=\"Hotel - Hotel Gameiro\" \/>\n<meta property=\"og:description\" content=\"O Hotel Gameiro desfruta de uma localiza\u00e7\u00e3o privilegiada, no Centro do Entroncamento, a 2 minutos da Esta\u00e7\u00e3o de Caminhos de Ferro.\" \/>\n<meta property=\"og:url\" content=\"https:\/\/hotelgameiro.com\/hotel\/\" \/>\n<meta property=\"article:publisher\" content=\"https:\/\/pt-pt.facebook.com\/Hotel-Gameiro-140640426008034\/\" \/>\n<meta property=\"article:modified_time\" content=\"2025-04-23T15:35:40+00:00\" \/>\n<meta property=\"og:image\" content=\"https:\/\/hotelgameiro.com\/wp-content\/uploads\/2016\/01\/hotel_imgs.jpg\" \/>\n\t<meta property=\"og:image:width\" content=\"1923\" \/>\n\t<meta property=\"og:image:height\" content=\"425\" \/>\n\t<meta property=\"og:image:type\" content=\"image\/jpeg\" \/>\n<meta name=\"twitter:card\" content=\"summary_large_image\" \/>\n<meta name=\"twitter:label1\" content=\"Est. reading time\" \/>\n\t<meta name=\"twitter:data1\" content=\"2 minutes\" \/>\n<script type=\"application\/ld+json\" class=\"yoast-schema-graph\">{\"@context\":\"https:\/\/schema.org\",\"@graph\":[{\"@type\":\"WebPage\",\"@id\":\"https:\/\/hotelgameiro.com\/hotel\/\",\"url\":\"https:\/\/hotelgameiro.com\/hotel\/\",\"name\":\"Hotel - Hotel Gameiro\",\"isPartOf\":{\"@id\":\"https:\/\/hotelgameiro.com\/#website\"},\"primaryImageOfPage\":{\"@id\":\"https:\/\/hotelgameiro.com\/hotel\/#primaryimage\"},\"image\":{\"@id\":\"https:\/\/hotelgameiro.com\/hotel\/#primaryimage\"},\"thumbnailUrl\":\"http:\/\/hotelgameiro.com\/wp-content\/uploads\/2016\/01\/hotel_imgs.jpg\",\"datePublished\":\"2016-01-21T16:29:34+00:00\",\"dateModified\":\"2025-04-23T15:35:40+00:00\",\"description\":\"O Hotel Gameiro desfruta de uma localiza\u00e7\u00e3o privilegiada, no Centro do Entroncamento, a 2 minutos da Esta\u00e7\u00e3o de Caminhos de Ferro.\",\"breadcrumb\":{\"@id\":\"https:\/\/hotelgameiro.com\/hotel\/#breadcrumb\"},\"inLanguage\":\"en-US\",\"potentialAction\":[{\"@type\":\"ReadAction\",\"target\":[\"https:\/\/hotelgameiro.com\/hotel\/\"]}]},{\"@type\":\"ImageObject\",\"inLanguage\":\"en-US\",\"@id\":\"https:\/\/hotelgameiro.com\/hotel\/#primaryimage\",\"url\":\"http:\/\/hotelgameiro.com\/wp-content\/uploads\/2016\/01\/hotel_imgs.jpg\",\"contentUrl\":\"http:\/\/hotelgameiro.com\/wp-content\/uploads\/2016\/01\/hotel_imgs.jpg\"},{\"@type\":\"BreadcrumbList\",\"@id\":\"https:\/\/hotelgameiro.com\/hotel\/#breadcrumb\",\"itemListElement\":[{\"@type\":\"ListItem\",\"position\":1,\"name\":\"Home\",\"item\":\"https:\/\/hotelgameiro.com\/\"},{\"@type\":\"ListItem\",\"position\":2,\"name\":\"Hotel\"}]},{\"@type\":\"WebSite\",\"@id\":\"https:\/\/hotelgameiro.com\/#website\",\"url\":\"https:\/\/hotelgameiro.com\/\",\"name\":\"\",\"description\":\"\",\"publisher\":{\"@id\":\"https:\/\/hotelgameiro.com\/#organization\"},\"potentialAction\":[{\"@type\":\"SearchAction\",\"target\":{\"@type\":\"EntryPoint\",\"urlTemplate\":\"https:\/\/hotelgameiro.com\/?s={search_term_string}\"},\"query-input\":{\"@type\":\"PropertyValueSpecification\",\"valueRequired\":true,\"valueName\":\"search_term_string\"}}],\"inLanguage\":\"en-US\"},{\"@type\":\"Organization\",\"@id\":\"https:\/\/hotelgameiro.com\/#organization\",\"name\":\"Hotel Gameiro\",\"url\":\"https:\/\/hotelgameiro.com\/\",\"logo\":{\"@type\":\"ImageObject\",\"inLanguage\":\"en-US\",\"@id\":\"https:\/\/hotelgameiro.com\/#\/schema\/logo\/image\/\",\"url\":\"https:\/\/hotelgameiro.com\/wp-content\/uploads\/2016\/02\/logo_gameiro_peq.png\",\"contentUrl\":\"https:\/\/hotelgameiro.com\/wp-content\/uploads\/2016\/02\/logo_gameiro_peq.png\",\"width\":136,\"height\":68,\"caption\":\"Hotel Gameiro\"},\"image\":{\"@id\":\"https:\/\/hotelgameiro.com\/#\/schema\/logo\/image\/\"},\"sameAs\":[\"https:\/\/pt-pt.facebook.com\/Hotel-Gameiro-140640426008034\/\"]}]}<\/script>\n<!-- \/ Yoast SEO plugin. -->","yoast_head_json":{"title":"Hotel - Hotel Gameiro","description":"O Hotel Gameiro desfruta de uma localiza\u00e7\u00e3o privilegiada, no Centro do Entroncamento, a 2 minutos da Esta\u00e7\u00e3o de Caminhos de Ferro.","robots":{"index":"index","follow":"follow","max-snippet":"max-snippet:-1","max-image-preview":"max-image-preview:large","max-video-preview":"max-video-preview:-1"},"canonical":"https:\/\/hotelgameiro.com\/hotel\/","og_locale":"en_US","og_type":"article","og_title":"Hotel - Hotel Gameiro","og_description":"O Hotel Gameiro desfruta de uma localiza\u00e7\u00e3o privilegiada, no Centro do Entroncamento, a 2 minutos da Esta\u00e7\u00e3o de Caminhos de Ferro.","og_url":"https:\/\/hotelgameiro.com\/hotel\/","article_publisher":"https:\/\/pt-pt.facebook.com\/Hotel-Gameiro-140640426008034\/","article_modified_time":"2025-04-23T15:35:40+00:00","og_image":[{"width":1923,"height":425,"url":"https:\/\/hotelgameiro.com\/wp-content\/uploads\/2016\/01\/hotel_imgs.jpg","type":"image\/jpeg"}],"twitter_card":"summary_large_image","twitter_misc":{"Est. reading time":"2 minutes"},"schema":{"@context":"https:\/\/schema.org","@graph":[{"@type":"WebPage","@id":"https:\/\/hotelgameiro.com\/hotel\/","url":"https:\/\/hotelgameiro.com\/hotel\/","name":"Hotel - Hotel Gameiro","isPartOf":{"@id":"https:\/\/hotelgameiro.com\/#website"},"primaryImageOfPage":{"@id":"https:\/\/hotelgameiro.com\/hotel\/#primaryimage"},"image":{"@id":"https:\/\/hotelgameiro.com\/hotel\/#primaryimage"},"thumbnailUrl":"http:\/\/hotelgameiro.com\/wp-content\/uploads\/2016\/01\/hotel_imgs.jpg","datePublished":"2016-01-21T16:29:34+00:00","dateModified":"2025-04-23T15:35:40+00:00","description":"O Hotel Gameiro desfruta de uma localiza\u00e7\u00e3o privilegiada, no Centro do Entroncamento, a 2 minutos da Esta\u00e7\u00e3o de Caminhos de Ferro.","breadcrumb":{"@id":"https:\/\/hotelgameiro.com\/hotel\/#breadcrumb"},"inLanguage":"en-US","potentialAction":[{"@type":"ReadAction","target":["https:\/\/hotelgameiro.com\/hotel\/"]}]},{"@type":"ImageObject","inLanguage":"en-US","@id":"https:\/\/hotelgameiro.com\/hotel\/#primaryimage","url":"http:\/\/hotelgameiro.com\/wp-content\/uploads\/2016\/01\/hotel_imgs.jpg","contentUrl":"http:\/\/hotelgameiro.com\/wp-content\/uploads\/2016\/01\/hotel_imgs.jpg"},{"@type":"BreadcrumbList","@id":"https:\/\/hotelgameiro.com\/hotel\/#breadcrumb","itemListElement":[{"@type":"ListItem","position":1,"name":"Home","item":"https:\/\/hotelgameiro.com\/"},{"@type":"ListItem","position":2,"name":"Hotel"}]},{"@type":"WebSite","@id":"https:\/\/hotelgameiro.com\/#website","url":"https:\/\/hotelgameiro.com\/","name":"","description":"","publisher":{"@id":"https:\/\/hotelgameiro.com\/#organization"},"potentialAction":[{"@type":"SearchAction","target":{"@type":"EntryPoint","urlTemplate":"https:\/\/hotelgameiro.com\/?s={search_term_string}"},"query-input":{"@type":"PropertyValueSpecification","valueRequired":true,"valueName":"search_term_string"}}],"inLanguage":"en-US"},{"@type":"Organization","@id":"https:\/\/hotelgameiro.com\/#organization","name":"Hotel Gameiro","url":"https:\/\/hotelgameiro.com\/","logo":{"@type":"ImageObject","inLanguage":"en-US","@id":"https:\/\/hotelgameiro.com\/#\/schema\/logo\/image\/","url":"https:\/\/hotelgameiro.com\/wp-content\/uploads\/2016\/02\/logo_gameiro_peq.png","contentUrl":"https:\/\/hotelgameiro.com\/wp-content\/uploads\/2016\/02\/logo_gameiro_peq.png","width":136,"height":68,"caption":"Hotel Gameiro"},"image":{"@id":"https:\/\/hotelgameiro.com\/#\/schema\/logo\/image\/"},"sameAs":["https:\/\/pt-pt.facebook.com\/Hotel-Gameiro-140640426008034\/"]}]}},"jetpack_sharing_enabled":true,"jetpack_shortlink":"https:\/\/wp.me\/P7rZqZ-o","_links":{"self":[{"href":"https:\/\/hotelgameiro.com\/en\/wp-json\/wp\/v2\/pages\/24","targetHints":{"allow":["GET"]}}],"collection":[{"href":"https:\/\/hotelgameiro.com\/en\/wp-json\/wp\/v2\/pages"}],"about":[{"href":"https:\/\/hotelgameiro.com\/en\/wp-json\/wp\/v2\/types\/page"}],"author":[{"embeddable":true,"href":"https:\/\/hotelgameiro.com\/en\/wp-json\/wp\/v2\/users\/1"}],"replies":[{"embeddable":true,"href":"https:\/\/hotelgameiro.com\/en\/wp-json\/wp\/v2\/comments?post=24"}],"version-history":[{"count":11,"href":"https:\/\/hotelgameiro.com\/en\/wp-json\/wp\/v2\/pages\/24\/revisions"}],"predecessor-version":[{"id":608,"href":"https:\/\/hotelgameiro.com\/en\/wp-json\/wp\/v2\/pages\/24\/revisions\/608"}],"wp:attachment":[{"href":"https:\/\/hotelgameiro.com\/en\/wp-json\/wp\/v2\/media?parent=24"}],"curies":[{"name":"wp","href":"https:\/\/api.w.org\/{rel}","templated":true}]}}